{"id":159,"date":"2023-04-17T02:35:33","date_gmt":"2023-04-17T00:35:33","guid":{"rendered":"http:\/\/les-petites-lucioles.fr\/?page_id=159"},"modified":"2023-06-09T23:51:52","modified_gmt":"2023-06-09T21:51:52","slug":"pre-inscription","status":"publish","type":"page","link":"https:\/\/les-petites-lucioles.fr\/index.php\/pre-inscription\/","title":{"rendered":""},"content":{"rendered":"\t\t<div data-elementor-type=\"wp-page\" data-elementor-id=\"159\" class=\"elementor elementor-159\">\n\t\t\t\t\t\t<section class=\"elementor-section elementor-top-section elementor-element elementor-element-df549b7 elementor-section-boxed elementor-section-height-default elementor-section-height-default\" data-id=\"df549b7\" data-element_type=\"section\" data-settings=\"{&quot;background_background&quot;:&quot;classic&quot;}\">\n\t\t\t\t\t\t<div class=\"elementor-container elementor-column-gap-default\">\n\t\t\t\t\t<div class=\"elementor-column elementor-col-100 elementor-top-column elementor-element elementor-element-3e3f1ff\" data-id=\"3e3f1ff\" data-element_type=\"column\">\n\t\t\t<div class=\"elementor-widget-wrap elementor-element-populated\">\n\t\t\t\t\t\t<div class=\"elementor-element elementor-element-e7f6c94 elementor-widget elementor-widget-heading\" data-id=\"e7f6c94\" data-element_type=\"widget\" data-widget_type=\"heading.default\">\n\t\t\t\t<div class=\"elementor-widget-container\">\n\t\t\t\t\t<h1 class=\"elementor-heading-title elementor-size-xl\">Pr\u00e9-inscription micro-cr\u00e8che les petites lucioles<\/h1>\t\t\t\t<\/div>\n\t\t\t\t<\/div>\n\t\t\t\t\t<\/div>\n\t\t<\/div>\n\t\t\t\t\t<\/div>\n\t\t<\/section>\n\t\t\t\t<section class=\"elementor-section elementor-top-section elementor-element elementor-element-78924104 elementor-section-content-middle elementor-section-boxed elementor-section-height-default elementor-section-height-default\" data-id=\"78924104\" data-element_type=\"section\">\n\t\t\t\t\t\t<div class=\"elementor-container elementor-column-gap-no\">\n\t\t\t\t\t<div class=\"elementor-column elementor-col-100 elementor-top-column elementor-element elementor-element-35c66d2d\" data-id=\"35c66d2d\" data-element_type=\"column\">\n\t\t\t<div class=\"elementor-widget-wrap elementor-element-populated\">\n\t\t\t\t\t\t<div class=\"elementor-element elementor-element-543b9dac elementor-widget elementor-widget-heading\" data-id=\"543b9dac\" data-element_type=\"widget\" data-widget_type=\"heading.default\">\n\t\t\t\t<div class=\"elementor-widget-container\">\n\t\t\t\t\t<h4 class=\"elementor-heading-title elementor-size-default\">Comment \u00e7a marche ?<\/h4>\t\t\t\t<\/div>\n\t\t\t\t<\/div>\n\t\t\t\t<section class=\"elementor-section elementor-inner-section elementor-element elementor-element-49ca26da elementor-section-boxed elementor-section-height-default elementor-section-height-default\" data-id=\"49ca26da\" data-element_type=\"section\">\n\t\t\t\t\t\t<div class=\"elementor-container elementor-column-gap-default\">\n\t\t\t\t\t<div class=\"elementor-column elementor-col-33 elementor-inner-column elementor-element elementor-element-1f980df0\" data-id=\"1f980df0\" data-element_type=\"column\">\n\t\t\t<div class=\"elementor-widget-wrap elementor-element-populated\">\n\t\t\t\t\t\t<div class=\"elementor-element elementor-element-5f2c11b5 elementor-widget elementor-widget-heading\" data-id=\"5f2c11b5\" data-element_type=\"widget\" data-widget_type=\"heading.default\">\n\t\t\t\t<div class=\"elementor-widget-container\">\n\t\t\t\t\t<h3 class=\"elementor-heading-title elementor-size-default\">\u00c9tape 1<\/h3>\t\t\t\t<\/div>\n\t\t\t\t<\/div>\n\t\t\t\t<div class=\"elementor-element elementor-element-79c785b elementor-widget-divider--view-line elementor-widget elementor-widget-divider\" data-id=\"79c785b\" data-element_type=\"widget\" data-widget_type=\"divider.default\">\n\t\t\t\t<div class=\"elementor-widget-container\">\n\t\t\t\t\t\t\t<div class=\"elementor-divider\">\n\t\t\t<span class=\"elementor-divider-separator\">\n\t\t\t\t\t\t<\/span>\n\t\t<\/div>\n\t\t\t\t\t\t<\/div>\n\t\t\t\t<\/div>\n\t\t\t\t<div class=\"elementor-element elementor-element-14cd39c8 elementor-widget elementor-widget-text-editor\" data-id=\"14cd39c8\" data-element_type=\"widget\" data-widget_type=\"text-editor.default\">\n\t\t\t\t<div class=\"elementor-widget-container\">\n\t\t\t\t\t\t\t\t\t<p><span style=\"text-decoration: underline;\"><strong>Informez vous sur notre structure<\/strong><\/span><\/p>\t\t\t\t\t\t\t\t<\/div>\n\t\t\t\t<\/div>\n\t\t\t\t<div class=\"elementor-element elementor-element-279a86e elementor-widget elementor-widget-text-editor\" data-id=\"279a86e\" data-element_type=\"widget\" data-widget_type=\"text-editor.default\">\n\t\t\t\t<div class=\"elementor-widget-container\">\n\t\t\t\t\t\t\t\t\t<p><strong>Consultez l\u2019ensemble des informations sur les petites lucioles, les axes p\u00e9dagogiques, notre fonctionnement et la tarification pour vous assurez que nos structures r\u00e9pondent \u00e0 votre besoin.<\/strong><\/p>\t\t\t\t\t\t\t\t<\/div>\n\t\t\t\t<\/div>\n\t\t\t\t\t<\/div>\n\t\t<\/div>\n\t\t\t\t<div class=\"elementor-column elementor-col-33 elementor-inner-column elementor-element elementor-element-529ce2f7\" data-id=\"529ce2f7\" data-element_type=\"column\">\n\t\t\t<div class=\"elementor-widget-wrap elementor-element-populated\">\n\t\t\t\t\t\t<div class=\"elementor-element elementor-element-65670821 elementor-widget elementor-widget-heading\" data-id=\"65670821\" data-element_type=\"widget\" data-widget_type=\"heading.default\">\n\t\t\t\t<div class=\"elementor-widget-container\">\n\t\t\t\t\t<h3 class=\"elementor-heading-title elementor-size-default\"><span data-elementor-setting-key=\"title\" data-pen-placeholder=\"\u00c9crivez ici...\">\u00c9tape 2<\/span><\/h3>\t\t\t\t<\/div>\n\t\t\t\t<\/div>\n\t\t\t\t<div class=\"elementor-element elementor-element-47edc3e8 elementor-widget-divider--view-line elementor-widget elementor-widget-divider\" data-id=\"47edc3e8\" data-element_type=\"widget\" data-widget_type=\"divider.default\">\n\t\t\t\t<div class=\"elementor-widget-container\">\n\t\t\t\t\t\t\t<div class=\"elementor-divider\">\n\t\t\t<span class=\"elementor-divider-separator\">\n\t\t\t\t\t\t<\/span>\n\t\t<\/div>\n\t\t\t\t\t\t<\/div>\n\t\t\t\t<\/div>\n\t\t\t\t<div class=\"elementor-element elementor-element-3115a90 elementor-widget elementor-widget-text-editor\" data-id=\"3115a90\" data-element_type=\"widget\" data-widget_type=\"text-editor.default\">\n\t\t\t\t<div class=\"elementor-widget-container\">\n\t\t\t\t\t\t\t\t\t<p><span style=\"text-decoration: underline;\"><strong>Pr\u00e9-inscrivez votre enfant<\/strong><\/span><\/p>\t\t\t\t\t\t\t\t<\/div>\n\t\t\t\t<\/div>\n\t\t\t\t<div class=\"elementor-element elementor-element-5c70d8d4 elementor-widget elementor-widget-text-editor\" data-id=\"5c70d8d4\" data-element_type=\"widget\" data-widget_type=\"text-editor.default\">\n\t\t\t\t<div class=\"elementor-widget-container\">\n\t\t\t\t\t\t\t\t\t<p><b>Inscrivez-vous sur notre liste d\u2019attente en remplissant le formulaire ci-dessous.<\/b><\/p><p><b>Si une place se lib\u00e8re nous vous contacterons. Pour les demandes de Septembre une r\u00e9ponse est donn\u00e9e en Mars et pour Janvier en Septembre.<\/b><\/p>\t\t\t\t\t\t\t\t<\/div>\n\t\t\t\t<\/div>\n\t\t\t\t\t<\/div>\n\t\t<\/div>\n\t\t\t\t<div class=\"elementor-column elementor-col-33 elementor-inner-column elementor-element elementor-element-5871f08c\" data-id=\"5871f08c\" data-element_type=\"column\">\n\t\t\t<div class=\"elementor-widget-wrap elementor-element-populated\">\n\t\t\t\t\t\t<div class=\"elementor-element elementor-element-1c2b74bb elementor-widget elementor-widget-heading\" data-id=\"1c2b74bb\" data-element_type=\"widget\" data-widget_type=\"heading.default\">\n\t\t\t\t<div class=\"elementor-widget-container\">\n\t\t\t\t\t<h3 class=\"elementor-heading-title elementor-size-default\"><span data-elementor-setting-key=\"title\" data-pen-placeholder=\"\u00c9crivez ici...\">\u00c9tape 3<\/span><\/h3>\t\t\t\t<\/div>\n\t\t\t\t<\/div>\n\t\t\t\t<div class=\"elementor-element elementor-element-3a8b665 elementor-widget-divider--view-line elementor-widget elementor-widget-divider\" data-id=\"3a8b665\" data-element_type=\"widget\" data-widget_type=\"divider.default\">\n\t\t\t\t<div class=\"elementor-widget-container\">\n\t\t\t\t\t\t\t<div class=\"elementor-divider\">\n\t\t\t<span class=\"elementor-divider-separator\">\n\t\t\t\t\t\t<\/span>\n\t\t<\/div>\n\t\t\t\t\t\t<\/div>\n\t\t\t\t<\/div>\n\t\t\t\t<div class=\"elementor-element elementor-element-471ed0f elementor-widget elementor-widget-text-editor\" data-id=\"471ed0f\" data-element_type=\"widget\" data-widget_type=\"text-editor.default\">\n\t\t\t\t<div class=\"elementor-widget-container\">\n\t\t\t\t\t\t\t\t\t<p><span style=\"text-decoration: underline;\"><strong>Signature du contrat<\/strong><\/span><\/p>\t\t\t\t\t\t\t\t<\/div>\n\t\t\t\t<\/div>\n\t\t\t\t<div class=\"elementor-element elementor-element-649bef86 elementor-widget elementor-widget-text-editor\" data-id=\"649bef86\" data-element_type=\"widget\" data-widget_type=\"text-editor.default\">\n\t\t\t\t<div class=\"elementor-widget-container\">\n\t\t\t\t\t\t\t\t\t<p><strong>Si la place propos\u00e9e vous convient, nous vous enverrons pour signature \u00e9lectronique votre dossier d\u2019inscription et fixerons un rendez-vous pour vous pr\u00e9senter la future micro-cr\u00e8che de votre enfant.<\/strong><\/p>\n<p><strong>\u00c7a y est votre enfant est une luciole !<\/strong><\/p>\t\t\t\t\t\t\t\t<\/div>\n\t\t\t\t<\/div>\n\t\t\t\t\t<\/div>\n\t\t<\/div>\n\t\t\t\t\t<\/div>\n\t\t<\/section>\n\t\t\t\t\t<\/div>\n\t\t<\/div>\n\t\t\t\t\t<\/div>\n\t\t<\/section>\n\t\t\t\t<section class=\"elementor-section elementor-top-section elementor-element elementor-element-9218f12 elementor-section-boxed elementor-section-height-default elementor-section-height-default\" data-id=\"9218f12\" data-element_type=\"section\">\n\t\t\t\t\t\t<div class=\"elementor-container elementor-column-gap-default\">\n\t\t\t\t\t<div class=\"elementor-column elementor-col-100 elementor-top-column elementor-element elementor-element-cfa279a\" data-id=\"cfa279a\" data-element_type=\"column\">\n\t\t\t<div class=\"elementor-widget-wrap elementor-element-populated\">\n\t\t\t\t\t\t<div class=\"elementor-element elementor-element-658041c elementor-widget elementor-widget-heading\" data-id=\"658041c\" data-element_type=\"widget\" data-widget_type=\"heading.default\">\n\t\t\t\t<div class=\"elementor-widget-container\">\n\t\t\t\t\t<h5 class=\"elementor-heading-title elementor-size-default\">Si vous d\u00e9sirez faire une demande de pr\u00e9-inscription aupr\u00e8s de notre structure, merci de compl\u00e9ter ce formulaire ci-dessous.<\/h5>\t\t\t\t<\/div>\n\t\t\t\t<\/div>\n\t\t\t\t<div class=\"elementor-element elementor-element-3c675f7 elementor-widget elementor-widget-text-editor\" data-id=\"3c675f7\" data-element_type=\"widget\" data-widget_type=\"text-editor.default\">\n\t\t\t\t<div class=\"elementor-widget-container\">\n\t\t\t\t\t\t\t\t\t<p><strong><em>Ce dernier n\u2019a aucune valeur d\u2019admission d\u00e9finitive et ne vous engage nullement. Nous vous contacterons pour vous confirmer ou non l\u2019inscription de votre enfant (suivant les places disponibles). S\u2019il n\u2019y a pas de place, et si vous le souhaitez, votre dossier pourra \u00eatre mis sur la liste d\u2019attente le temps qu\u2019une place se lib\u00e8re.<\/em><\/strong><\/p>\t\t\t\t\t\t\t\t<\/div>\n\t\t\t\t<\/div>\n\t\t\t\t\t<\/div>\n\t\t<\/div>\n\t\t\t\t\t<\/div>\n\t\t<\/section>\n\t\t\t\t<section class=\"elementor-section elementor-top-section elementor-element elementor-element-db66059 elementor-section-boxed elementor-section-height-default elementor-section-height-default\" data-id=\"db66059\" data-element_type=\"section\">\n\t\t\t\t\t\t<div class=\"elementor-container elementor-column-gap-default\">\n\t\t\t\t\t<div class=\"elementor-column elementor-col-100 elementor-top-column elementor-element elementor-element-cc92753\" data-id=\"cc92753\" data-element_type=\"column\">\n\t\t\t<div class=\"elementor-widget-wrap elementor-element-populated\">\n\t\t\t\t\t\t<div class=\"elementor-element elementor-element-42104b7 elementor-widget elementor-widget-heading\" data-id=\"42104b7\" data-element_type=\"widget\" data-widget_type=\"heading.default\">\n\t\t\t\t<div class=\"elementor-widget-container\">\n\t\t\t\t\t<h6 class=\"elementor-heading-title elementor-size-default\">Pour plus d\u2019information, n\u2019h\u00e9sitez pas \u00e0 nous contacter via l\u2019adresse : contact@les-petites-lucioles.fr<\/h6>\t\t\t\t<\/div>\n\t\t\t\t<\/div>\n\t\t\t\t\t<\/div>\n\t\t<\/div>\n\t\t\t\t\t<\/div>\n\t\t<\/section>\n\t\t\t\t<section class=\"elementor-section elementor-top-section elementor-element elementor-element-b0b90a7 elementor-section-boxed elementor-section-height-default elementor-section-height-default\" data-id=\"b0b90a7\" data-element_type=\"section\">\n\t\t\t\t\t\t<div class=\"elementor-container elementor-column-gap-default\">\n\t\t\t\t\t<div class=\"elementor-column elementor-col-100 elementor-top-column elementor-element elementor-element-f267fa0\" data-id=\"f267fa0\" data-element_type=\"column\">\n\t\t\t<div class=\"elementor-widget-wrap elementor-element-populated\">\n\t\t\t\t\t\t<div class=\"elementor-element elementor-element-fe7f9cc elementor-widget elementor-widget-html\" data-id=\"fe7f9cc\" data-element_type=\"widget\" data-widget_type=\"html.default\">\n\t\t\t\t<div class=\"elementor-widget-container\">\n\t\t\t\t\t<iframe src=\"https:\/\/docs.google.com\/forms\/d\/e\/1FAIpQLScjiRvfU6uRsvWG1tsB9-EqdDuBBg6pm5gshPV1jJ-fCnTPuw\/viewform?embedded=true\" width=\"640\" height=\"1844\" frameborder=\"0\" marginheight=\"0\" marginwidth=\"0\">Chargement\u2026<\/iframe>\t\t\t\t<\/div>\n\t\t\t\t<\/div>\n\t\t\t\t\t<\/div>\n\t\t<\/div>\n\t\t\t\t\t<\/div>\n\t\t<\/section>\n\t\t\t\t<section class=\"elementor-section elementor-top-section elementor-element elementor-element-7c234eb elementor-section-boxed elementor-section-height-default elementor-section-height-default\" data-id=\"7c234eb\" data-element_type=\"section\">\n\t\t\t\t\t\t<div class=\"elementor-container elementor-column-gap-default\">\n\t\t\t\t\t<div class=\"elementor-column elementor-col-100 elementor-top-column elementor-element elementor-element-8b83429\" data-id=\"8b83429\" data-element_type=\"column\">\n\t\t\t<div class=\"elementor-widget-wrap elementor-element-populated\">\n\t\t\t\t\t\t<div class=\"elementor-element elementor-element-64543eb elementor-widget elementor-widget-text-editor\" data-id=\"64543eb\" data-element_type=\"widget\" data-widget_type=\"text-editor.default\">\n\t\t\t\t<div class=\"elementor-widget-container\">\n\t\t\t\t\t\t\t\t\t<ul>\n<li><em>Les informations recueillies sur ce formulaire sont enregistr\u00e9es dans un fichier informatis\u00e9 via Google Drive pour permettre d\u2019enregistr\u00e9 votre pr\u00e9-inscription.<\/em><\/li>\n<li><em>Les donn\u00e9es collect\u00e9es ne seront en aucun cas communiqu\u00e9s et reste confidentielle.<\/em><\/li>\n<li><em>Les donn\u00e9es sont conserv\u00e9es pendant 2 ans.<\/em><\/li>\n<li><em>Vous pouvez acc\u00e9der aux donn\u00e9es vous concernant, les rectifier, demander leur effacement ou exercer votre droit \u00e0 la limitation du traitement de vos donn\u00e9es. (en fonction de la base l\u00e9gale du traitement, mentionner \u00e9galement : Vous pouvez retirer \u00e0 tout moment votre consentement au traitement de vos donn\u00e9es ; Vous pouvez \u00e9galement vous opposer au traitement de vos donn\u00e9es ; Vous pouvez \u00e9galement exercer votre droit \u00e0 la portabilit\u00e9 de vos donn\u00e9es)<\/em><\/li>\n<li><em>Consultez le site cnil.fr pour plus d\u2019informations sur vos droits.<\/em><\/li>\n<li><em>Pour exercer ces droits ou pour toute question sur le traitement de vos donn\u00e9es dans ce dispositif, vous pouvez contacter (le cas \u00e9ch\u00e9ant, notre d\u00e9l\u00e9gu\u00e9 \u00e0 la protection des donn\u00e9es ou le service charg\u00e9 de l\u2019exercice de ces droits) : XXXXXXXXXX \u2013 contact@les-petites-lucioles.fr<\/em><\/li>\n<li><em>Si vous estimez, apr\u00e8s nous avoir contact\u00e9s, que vos droits \u00ab Informatique et Libert\u00e9s \u00bb ne sont pas respect\u00e9s, vous pouvez adresser une r\u00e9clamation \u00e0 la CNIL.<\/em><\/li>\n<li><em>En accord avec le code de la consommation vous avez la possibilit\u00e9 et le droit de vous inscrire sur la liste d\u2019opposition BLOCTEL pour vous permettre d\u2019exprimer votre refus d\u2019\u00eatre d\u00e9march\u00e9 par t\u00e9l\u00e9phone.<\/em><\/li>\n<\/ul>\t\t\t\t\t\t\t\t<\/div>\n\t\t\t\t<\/div>\n\t\t\t\t\t<\/div>\n\t\t<\/div>\n\t\t\t\t\t<\/div>\n\t\t<\/section>\n\t\t\t\t<footer class=\"elementor-section elementor-top-section elementor-element elementor-element-8f407e4 elementor-section-boxed elementor-section-height-default elementor-section-height-default\" data-id=\"8f407e4\" data-element_type=\"section\" data-settings=\"{&quot;background_background&quot;:&quot;gradient&quot;}\">\n\t\t\t\t\t\t<div class=\"elementor-container elementor-column-gap-default\">\n\t\t\t\t\t<div class=\"elementor-column elementor-col-100 elementor-top-column elementor-element elementor-element-a3573c3\" data-id=\"a3573c3\" data-element_type=\"column\">\n\t\t\t<div class=\"elementor-widget-wrap elementor-element-populated\">\n\t\t\t\t\t\t<div class=\"elementor-element elementor-element-8979385 elementor-widget elementor-widget-text-editor\" data-id=\"8979385\" data-element_type=\"widget\" data-widget_type=\"text-editor.default\">\n\t\t\t\t<div class=\"elementor-widget-container\">\n\t\t\t\t\t\t\t\t\tSCI LES PETITES LUCIOLES &#8211; Tous droits r\u00e9serv\u00e9s &#8211;\u00a0<a style=\"font-family: var( --e-global-typography-text-font-family ), Sans-serif; font-size: 1rem;\" href=\"https:\/\/les-petites-lucioles.fr\/index.php\/mention-legale\/\" rel=\"noopener\">Mentions l\u00e9gales<\/a>\t\t\t\t\t\t\t\t<\/div>\n\t\t\t\t<\/div>\n\t\t\t\t\t<\/div>\n\t\t<\/div>\n\t\t\t\t\t<\/div>\n\t\t<\/footer>\n\t\t\t\t<\/div>\n\t\t","protected":false},"excerpt":{"rendered":"<p>Pr\u00e9-inscription micro-cr\u00e8che les petites lucioles Comment \u00e7a marche ? \u00c9tape 1 Informez vous sur notre structure Consultez l\u2019ensemble des informations sur les petites lucioles, les axes p\u00e9dagogiques, notre fonctionnement et la tarification pour vous assurez que nos structures r\u00e9pondent \u00e0 votre besoin. \u00c9tape 2 Pr\u00e9-inscrivez votre enfant Inscrivez-vous sur notre liste d\u2019attente en remplissant le [&hellip;]<\/p>\n","protected":false},"author":1,"featured_media":0,"parent":0,"menu_order":0,"comment_status":"closed","ping_status":"closed","template":"","meta":{"footnotes":""},"class_list":["post-159","page","type-page","status-publish","hentry"],"_links":{"self":[{"href":"https:\/\/les-petites-lucioles.fr\/index.php\/wp-json\/wp\/v2\/pages\/159","targetHints":{"allow":["GET"]}}],"collection":[{"href":"https:\/\/les-petites-lucioles.fr\/index.php\/wp-json\/wp\/v2\/pages"}],"about":[{"href":"https:\/\/les-petites-lucioles.fr\/index.php\/wp-json\/wp\/v2\/types\/page"}],"author":[{"embeddable":true,"href":"https:\/\/les-petites-lucioles.fr\/index.php\/wp-json\/wp\/v2\/users\/1"}],"replies":[{"embeddable":true,"href":"https:\/\/les-petites-lucioles.fr\/index.php\/wp-json\/wp\/v2\/comments?post=159"}],"version-history":[{"count":26,"href":"https:\/\/les-petites-lucioles.fr\/index.php\/wp-json\/wp\/v2\/pages\/159\/revisions"}],"predecessor-version":[{"id":591,"href":"https:\/\/les-petites-lucioles.fr\/index.php\/wp-json\/wp\/v2\/pages\/159\/revisions\/591"}],"wp:attachment":[{"href":"https:\/\/les-petites-lucioles.fr\/index.php\/wp-json\/wp\/v2\/media?parent=159"}],"curies":[{"name":"wp","href":"https:\/\/api.w.org\/{rel}","templated":true}]}}