{"id":448,"date":"2023-04-20T13:08:16","date_gmt":"2023-04-20T11:08:16","guid":{"rendered":"http:\/\/les-petites-lucioles.fr\/?page_id=448"},"modified":"2023-04-20T13:31:11","modified_gmt":"2023-04-20T11:31:11","slug":"mention-legale","status":"publish","type":"page","link":"https:\/\/les-petites-lucioles.fr\/index.php\/mention-legale\/","title":{"rendered":""},"content":{"rendered":"\t\t<div data-elementor-type=\"wp-page\" data-elementor-id=\"448\" class=\"elementor elementor-448\">\n\t\t\t\t\t\t<section class=\"elementor-section elementor-top-section elementor-element elementor-element-1a7f4fd elementor-section-boxed elementor-section-height-default elementor-section-height-default\" data-id=\"1a7f4fd\" data-element_type=\"section\">\n\t\t\t\t\t\t<div class=\"elementor-container elementor-column-gap-default\">\n\t\t\t\t\t<div class=\"elementor-column elementor-col-100 elementor-top-column elementor-element elementor-element-7273127\" data-id=\"7273127\" data-element_type=\"column\">\n\t\t\t<div class=\"elementor-widget-wrap elementor-element-populated\">\n\t\t\t\t\t\t<div class=\"elementor-element elementor-element-3f86c26 elementor-widget elementor-widget-heading\" data-id=\"3f86c26\" data-element_type=\"widget\" data-widget_type=\"heading.default\">\n\t\t\t\t<div class=\"elementor-widget-container\">\n\t\t\t\t\t<h2 class=\"elementor-heading-title elementor-size-default\">Mention l\u00e9gales<\/h2>\t\t\t\t<\/div>\n\t\t\t\t<\/div>\n\t\t\t\t\t<\/div>\n\t\t<\/div>\n\t\t\t\t\t<\/div>\n\t\t<\/section>\n\t\t\t\t<section class=\"elementor-section elementor-top-section elementor-element elementor-element-0b92cc5 elementor-section-boxed elementor-section-height-default elementor-section-height-default\" data-id=\"0b92cc5\" data-element_type=\"section\">\n\t\t\t\t\t\t<div class=\"elementor-container elementor-column-gap-default\">\n\t\t\t\t\t<div class=\"elementor-column elementor-col-100 elementor-top-column elementor-element elementor-element-73fcae2\" data-id=\"73fcae2\" data-element_type=\"column\">\n\t\t\t<div class=\"elementor-widget-wrap elementor-element-populated\">\n\t\t\t\t\t\t<div class=\"elementor-element elementor-element-cf0984e elementor-widget elementor-widget-text-editor\" data-id=\"cf0984e\" data-element_type=\"widget\" data-widget_type=\"text-editor.default\">\n\t\t\t\t<div class=\"elementor-widget-container\">\n\t\t\t\t\t\t\t\t\t<p><strong><u>Editeur<\/u><\/strong>\u00a0:<\/p>\n<p>SCI &#8211; LES PETITES LUCIOLES<\/p>\n<p>Capital social de 1000 euros<\/p>\n<p>Si\u00e8ge social\u00a0:\u00a014 rue l\u00e9on gambetta 76800 Saint-\u00e9tienne-du-rouvray.<\/p>\n<p>Immatricul\u00e9e au registre du commerce et des soci\u00e9t\u00e9s de Rouen sous le num\u00e9ro 902 143 528<\/p>\n<p>Email\u00a0: contact@les-petites-lucioles.fr<\/p>\n<p>Directeur de publication\u00a0: M. Yassine EL HRAYCHY.<\/p>\n<p>Conform\u00e9ment aux articles\u00a0<a href=\"https:\/\/www.legifrance.gouv.fr\/affichCodeArticle.do?cidTexte=LEGITEXT000006069565&amp;idArticle=LEGIARTI000032224762\">L.616-1<\/a>\u00a0et\u00a0<a href=\"https:\/\/www.legifrance.gouv.fr\/affichCodeArticle.do?cidTexte=LEGITEXT000006069565&amp;idArticle=LEGIARTI000032808378\">R.616-1<\/a>\u00a0du code de la consommation, notre soci\u00e9t\u00e9 a mis en place un dispositif de m\u00e9diation de la consommation. L\u2019entit\u00e9 de m\u00e9diation retenue est : SAS CNPM \u2013 M\u00c9DIATION \u2013 CONSOMMATION. En cas de litige, le consommateur pourra d\u00e9poser sa r\u00e9clamation sur\u00a0le site :\u00a0<\/p>\n<p><a href=\"http:\/\/cnpm-mediation-consommation.eu\/\">http:\/\/cnpm-mediation-consommation.eu<\/a>\u00a0<\/p>\n<p>ou par voie postale en \u00e9crivant \u00e0<\/p>\n<p>CNPM \u2013 M\u00c9DIATION \u2013 CONSOMMATION<\/p>\n<p>27, avenue de la Lib\u00e9ration \u2013 42400 SAINT-CHAMOND<\/p>\n<p><strong><u>H\u00e9bergement<\/u>\u00a0:<\/strong><\/p>\n<p>OVH<\/p>\n<p>2 Rue Kellermann, 59100 Roubaix<\/p>\n<p>T\u00e9l\u00e9phone\u00a0:\u00a0+33 (0)9 72 10 10 07<\/p>\n<p><strong><u>Conception et d\u00e9veloppement du site internet<\/u><\/strong>\u00a0:<\/p>\n<p>SCI &#8211;\u00a0LES PETITES LUCIOLES<\/p>\n<p>Si\u00e8ge\u00a0: 14 rue l\u00e9on gambetta 76800 Saint-\u00e9tienne-du-rouvray.<\/p>\n<p>T\u00e9l\u00e9phone\u00a0: XXXXXXXXXX<\/p>\n<p>Email\u00a0: contact@les-petites-lucioles.fr<\/p>\t\t\t\t\t\t\t\t<\/div>\n\t\t\t\t<\/div>\n\t\t\t\t<div class=\"elementor-element elementor-element-d1fc1be elementor-align-right elementor-fixed animated-slow elementor-invisible elementor-widget elementor-widget-button\" data-id=\"d1fc1be\" data-element_type=\"widget\" data-settings=\"{&quot;_position&quot;:&quot;fixed&quot;,&quot;_animation&quot;:&quot;fadeIn&quot;,&quot;_animation_delay&quot;:1000}\" data-widget_type=\"button.default\">\n\t\t\t\t<div class=\"elementor-widget-container\">\n\t\t\t\t\t\t\t\t\t<div class=\"elementor-button-wrapper\">\n\t\t\t\t\t<a class=\"elementor-button elementor-button-link elementor-size-xs\" href=\"https:\/\/les-petites-lucioles.fr\/index.php\/pre-inscription\/\">\n\t\t\t\t\t\t<span class=\"elementor-button-content-wrapper\">\n\t\t\t\t\t\t\t\t\t<span class=\"elementor-button-text\">Pr\u00e9-inscrire votre enfant <\/span>\n\t\t\t\t\t<\/span>\n\t\t\t\t\t<\/a>\n\t\t\t\t<\/div>\n\t\t\t\t\t\t\t\t<\/div>\n\t\t\t\t<\/div>\n\t\t\t\t\t<\/div>\n\t\t<\/div>\n\t\t\t\t\t<\/div>\n\t\t<\/section>\n\t\t\t\t<footer class=\"elementor-section elementor-top-section elementor-element elementor-element-5115399 elementor-section-boxed elementor-section-height-default elementor-section-height-default\" data-id=\"5115399\" data-element_type=\"section\" data-settings=\"{&quot;background_background&quot;:&quot;gradient&quot;}\">\n\t\t\t\t\t\t<div class=\"elementor-container elementor-column-gap-default\">\n\t\t\t\t\t<div class=\"elementor-column elementor-col-100 elementor-top-column elementor-element elementor-element-1e5b118\" data-id=\"1e5b118\" data-element_type=\"column\">\n\t\t\t<div class=\"elementor-widget-wrap elementor-element-populated\">\n\t\t\t\t\t\t<div class=\"elementor-element elementor-element-7e2e176 elementor-widget elementor-widget-text-editor\" data-id=\"7e2e176\" data-element_type=\"widget\" data-widget_type=\"text-editor.default\">\n\t\t\t\t<div class=\"elementor-widget-container\">\n\t\t\t\t\t\t\t\t\tSCI LES PETITES LUCIOLES &#8211; Tous droits r\u00e9serv\u00e9s &#8211;\u00a0<a style=\"font-family: var( --e-global-typography-text-font-family ), Sans-serif; font-size: 1rem;\" href=\"https:\/\/les-petites-lucioles.fr\/index.php\/mention-legale\/\" rel=\"noopener\">Mentions l\u00e9gales<\/a>\t\t\t\t\t\t\t\t<\/div>\n\t\t\t\t<\/div>\n\t\t\t\t\t<\/div>\n\t\t<\/div>\n\t\t\t\t\t<\/div>\n\t\t<\/footer>\n\t\t\t\t<\/div>\n\t\t","protected":false},"excerpt":{"rendered":"<p>Mention l\u00e9gales Editeur\u00a0: SCI &#8211; LES PETITES LUCIOLES Capital social de 1000 euros Si\u00e8ge social\u00a0:\u00a014 rue l\u00e9on gambetta 76800 Saint-\u00e9tienne-du-rouvray. Immatricul\u00e9e au registre du commerce et des soci\u00e9t\u00e9s de Rouen sous le num\u00e9ro 902 143 528 Email\u00a0: contact@les-petites-lucioles.fr Directeur de publication\u00a0: M. Yassine EL HRAYCHY. Conform\u00e9ment aux articles\u00a0L.616-1\u00a0et\u00a0R.616-1\u00a0du code de la consommation, notre soci\u00e9t\u00e9 a [&hellip;]<\/p>\n","protected":false},"author":1,"featured_media":0,"parent":0,"menu_order":0,"comment_status":"closed","ping_status":"closed","template":"","meta":{"footnotes":""},"class_list":["post-448","page","type-page","status-publish","hentry"],"_links":{"self":[{"href":"https:\/\/les-petites-lucioles.fr\/index.php\/wp-json\/wp\/v2\/pages\/448","targetHints":{"allow":["GET"]}}],"collection":[{"href":"https:\/\/les-petites-lucioles.fr\/index.php\/wp-json\/wp\/v2\/pages"}],"about":[{"href":"https:\/\/les-petites-lucioles.fr\/index.php\/wp-json\/wp\/v2\/types\/page"}],"author":[{"embeddable":true,"href":"https:\/\/les-petites-lucioles.fr\/index.php\/wp-json\/wp\/v2\/users\/1"}],"replies":[{"embeddable":true,"href":"https:\/\/les-petites-lucioles.fr\/index.php\/wp-json\/wp\/v2\/comments?post=448"}],"version-history":[{"count":15,"href":"https:\/\/les-petites-lucioles.fr\/index.php\/wp-json\/wp\/v2\/pages\/448\/revisions"}],"predecessor-version":[{"id":488,"href":"https:\/\/les-petites-lucioles.fr\/index.php\/wp-json\/wp\/v2\/pages\/448\/revisions\/488"}],"wp:attachment":[{"href":"https:\/\/les-petites-lucioles.fr\/index.php\/wp-json\/wp\/v2\/media?parent=448"}],"curies":[{"name":"wp","href":"https:\/\/api.w.org\/{rel}","templated":true}]}}